{"id":10511,"date":"2020-02-25T18:35:11","date_gmt":"2020-02-25T18:35:11","guid":{"rendered":"https:\/\/www.indicemetria.com\/cor-60-rpt\/"},"modified":"2020-02-26T01:13:08","modified_gmt":"2020-02-26T01:13:08","slug":"cor-60-rpt","status":"publish","type":"page","link":"https:\/\/www.indicemetria.com\/pt\/cor-60-rpt\/","title":{"rendered":"COR 60 RPT"},"content":{"rendered":"<div class=\"wpb-content-wrapper\"><p>[vc_row min_height=&#8221;350&#8243; content_placement=&#8221;middle&#8221; custom_bg_type=&#8221;image&#8221; custom_bg_cover=&#8221;cover&#8221; custom_bg_repeat=&#8221;no-repeat&#8221; custom_bg_position=&#8221;Center bottom&#8221; custom_bg_effect=&#8221;wtbx_parallax_bg&#8221; parallax_intensity=&#8221;2&#8243; nav_skin=&#8221;light&#8221; consent_include=&#8221;include&#8221; equal_height=&#8221;true&#8221; custom_bg_color=&#8221;{&#8220;solid&#8220;:{&#8220;id&#8220;:&#8220;Dark color&#8220;,&#8220;color&#8220;:&#8220;#00384e&#8220;}}&#8221; custom_bg_image=&#8221;10202&#8243; overlay_color=&#8221;{&#8220;solid&#8220;:{&#8220;id&#8220;:&#8220;custom_color&#8220;,&#8220;color&#8220;:&#8220;rgba(0,96,113,0.62)&#8220;}}&#8221;][vc_column css_animation=&#8221;&#8221;][vc_empty_space height=&#8221;70px&#8221;][vc_heading heading_text=&#8221;COR 60 RPT&#8221; page_title=&#8221;yes&#8221; heading_wrapper=&#8221;h1&#8243; alignment=&#8221;align_center&#8221; heading_color=&#8221;{&#8220;solid&#8220;:{&#8220;id&#8220;:&#8220;custom_1334459184315555&#8220;,&#8220;color&#8220;:&#8220;rgba(255,255,255,1)&#8220;}}&#8221; heading_typography=&#8221;{&#8220;variants&#8220;:&#8220;600&#8220;,&#8220;font_size&#8220;:&#8220;50px&#8220;}&#8221; css_animation=&#8221;&#8221;][vc_text_element typography=&#8221;{&#8220;variants&#8220;:&#8220;600&#8220;}&#8221; css_animation=&#8221;&#8221; color=&#8221;{&#8220;id&#8220;:&#8220;custom_1334459184315555&#8220;,&#8220;color&#8220;:&#8220;rgba(255,255,255,1)&#8220;}&#8221;]<\/p>\n<div class=\"col-md-6\">\n<div class=\"col-md-6\">\n<p style=\"text-align: center;\">Janelas e portas batentes<\/p>\n<\/div>\n<\/div>\n<p>[\/vc_text_element][\/vc_column][\/vc_row][vc_row row_alignment=&#8221;top&#8221; nav_skin=&#8221;light&#8221; consent_include=&#8221;include&#8221; el_design=&#8221;{&#8220;desktop&#8220;:{&#8220;padding-top&#8220;:&#8220;100&#8220;,&#8220;padding-bottom&#8220;:&#8220;60&#8220;}}&#8221; custom_bg_color=&#8221;{&#8220;solid&#8220;:{&#8220;id&#8220;:&#8220;Border color&#8220;,&#8220;color&#8220;:&#8220;#ebebf5&#8220;}}&#8221;][vc_column width=&#8221;1\/2&#8243; css_animation=&#8221;&#8221;][vc_image_carousel images=&#8221;10153,10155,10157,10159&#8243; img_link=&#8221;gallery_popup&#8221; style=&#8221;simple&#8221; freescroll=&#8221;1&#8243; radius=&#8221;8&#8243; shadow=&#8221;&#8221; navigation=&#8221;1&#8243; navigation_skin=&#8221;light&#8221; slider_pagination=&#8221;style_2&#8243; pagination_skin=&#8221;light&#8221; slides_to_show=&#8221;1&#8243; slides_to_scroll=&#8221;1&#8243; responsiveness=&#8221;true&#8221; slides_to_show_tablet=&#8221;1&#8243; slides_to_show_mobile=&#8221;1&#8243; autoheight=&#8221;false&#8221; slider_speed=&#8221;20&#8243; autoplay=&#8221;0&#8243; stop_hover=&#8221;true&#8221; preloader=&#8221;&#8221;][\/vc_column][vc_column el_design=&#8221;{&#8220;desktop&#8220;:{&#8220;padding-top&#8220;:&#8220;15&#8220;,&#8220;padding-right&#8220;:&#8220;15&#8220;,&#8220;padding-bottom&#8220;:&#8220;15&#8220;,&#8220;padding-left&#8220;:&#8220;15&#8220;}}&#8221; width=&#8221;1\/2&#8243; css_animation=&#8221;&#8221; custom_bg_color=&#8221;{&#8220;solid&#8220;:{&#8220;id&#8220;:&#8220;&#8220;,&#8220;color&#8220;:&#8220;&#8220;}}&#8221;][vc_empty_space][vc_button_filling title=&#8221;Ficha t\u00e9cnica&#8221; link=&#8221;url:http%3A%2F%2Findicemetria.com%2Fsistems%2FCOR_60_RPT.pdf|title:Ficha%20t%C3%A9cnica|target:%20_blank|&#8221; direction=&#8221;left&#8221; size=&#8221;3&#8243; display=&#8221;display_block&#8221; border=&#8221;4&#8243; css_animation=&#8221;&#8221; icon=&#8221;{&#8220;font&#8220;:&#8220;scape-controls&#8220;,&#8220;icon&#8220;:&#8220;scape-controls-Acrobat-File&#8220;}&#8221; bg_color=&#8221;{&#8220;solid&#8220;:{&#8220;id&#8220;:&#8220;Main accent color&#8220;,&#8220;color&#8220;:&#8220;#00384e&#8220;}}&#8221;][vc_empty_space][vc_custom_tabs style=&#8221;style_1&#8243; skin=&#8221;light&#8221; scheme=&#8221;colorful&#8221; title_wrapper=&#8221;div&#8221; tab_animation=&#8221;default&#8221; css_animation=&#8221;&#8221; accent_color=&#8221;{&#8220;id&#8220;:&#8220;Dark color&#8220;,&#8220;color&#8220;:&#8220;#00384e&#8220;}&#8221;][vc_custom_tab title=&#8221;Descri\u00e7\u00e3o&#8221; tab_id=&#8221;tab-1581615387-1-86&#8243;][vc_text_element css_animation=&#8221;&#8221;]\u00bb Sistema de janelas articulada de 60 mm de profundidade quadro<br \/>\n\u00bb Ruptura t\u00e9rmica de 24 mm<br \/>\n\u00bb Redu\u00e7\u00e3o ac\u00fastica at\u00e9 48 dB<br \/>\n\u00bb Capacidade de envidra\u00e7amento at\u00e9 46 mm<br \/>\n\u00bb Apresenta a possibilidade de incorporar ferragens com dobradi\u00e7as ocultas e ferragens de seguran\u00e7a Evo Security<br \/>\n\u00bb Possibilidade de folhas e bites rectos e curvos[\/vc_text_element][\/vc_custom_tab][vc_custom_tab title=&#8221;Dados t\u00e9cnicos&#8221; tab_id=&#8221;tab-1581615387-2-64&#8243;][vc_text_element css_animation=&#8221;&#8221;]\u00bb M\u00e1ximo envidra\u00e7amento<br \/>\n<strong>46 mm<br \/>\n<\/strong>\u00bb Possibilidades de Abertura<br \/>\n<strong>Interior:<br \/>\nBatente, oscilo-batente, harm\u00f3nio, oscilo-paralela e basculante.<br \/>\nExterior:<br \/>\nBatente, projectante-deslizante.<br \/>\n<\/strong><br \/>\n\u00bb Sec\u00e7\u00f5es<br \/>\n<strong>Aro \u2013 60 mm \/ Folha \u2013 70 mm<br \/>\n<\/strong><br \/>\n\u00bb Espessura perfilaria<br \/>\n<strong>Janela 1,5 mm<br \/>\nPorta1,7 mm<br \/>\n<\/strong><br \/>\n\u00bb Largura vareta poliamida<br \/>\n<strong>24 mm<br \/>\n<\/strong><br \/>\n\u00bb Dimens\u00f5es m\u00e1ximas<br \/>\n<strong>Largura (L) = 1.600 mm<br \/>\nAlto (H) = 2.800 mm<br \/>\n<\/strong><br \/>\n\u00bb Peso m\u00e1ximo \/ folha<br \/>\n<strong>160 Kg<\/strong><\/p>\n<p><em>Consultar peso e dimens\u00f5es m\u00e1ximos para outras tipologias .<br \/>\n<\/em><br \/>\n\u00bb Acabamentos<br \/>\n<strong>Possibilidade bi-cor<br \/>\nLacagem a cores (RAL, salpicados e rugosos)<br \/>\nLacagem imita\u00e7\u00e3o madeira<br \/>\nLacagem anti-bacteriana<br \/>\nAnodizado<\/strong>[\/vc_text_element][\/vc_custom_tab][vc_custom_tab title=&#8221;Ensaios&#8221; tab_id=&#8221;tab-13a6c77b-da93-cl&#8221;][vc_text_element css_animation=&#8221;&#8221;]\u00bb Transmitt\u00e2ncia<br \/>\n<strong>Uw desde 1,0 (W\/m\u00b2K)<br \/>\nConsultar tipologia, dimens\u00e3o e vidro<br \/>\n<\/strong><br \/>\n\u00bb M\u00e1ximo isolamento ac\u00fastico<br \/>\n<strong>Rw=48 dB<br \/>\n<\/strong><br \/>\n\u00bb Permeabilidade ao ar<br \/>\n<strong>(UNE-EN 12207:2000) CLASSE 4<br \/>\n<\/strong><br \/>\n\u00bb Estanquidade \u00e0 \u00e1gua<br \/>\n<strong>(UNE-EN 12208:2000) CLASSE E200<br \/>\n<\/strong><br \/>\n\u00bb Resist\u00eancia ao vento<br \/>\n<strong>(UNE-EN 12210:2000) CLASSE C5<br \/>\n<\/strong><br \/>\n<strong><em>Ensaio de refer\u00eancia: Janela 1,20 x 1,16 m.<br \/>\nDois folhas.<\/em><\/strong>[\/vc_text_element][\/vc_custom_tab][\/vc_custom_tabs][\/vc_column][\/vc_row][vc_row nav_skin=&#8221;light&#8221; consent_include=&#8221;include&#8221;][vc_column css_animation=&#8221;&#8221;][vc_heading heading_text=&#8221;Galeria de fotos do sistema&#8221; heading_wrapper=&#8221;h1&#8243; css_animation=&#8221;&#8221;][vc_scape_image_grid images=&#8221;10658,10660,10662,10664,10666,10668,10670,10672&#8243; style=&#8221;boxed&#8221; columns=&#8221;4&#8243; click_action=&#8221;gallery_popup&#8221; border=&#8221;0&#8243; animation_style=&#8221;fadein&#8221; preloader=&#8221;&#8221; overlay_color=&#8221;{&#8220;solid&#8220;:{&#8220;id&#8220;:&#8220;custom_color&#8220;,&#8220;color&#8220;:&#8220;rgba(0,45,124,0.64)&#8220;}}&#8221;][\/vc_column][\/vc_row]<\/p>\n<\/div>","protected":false},"excerpt":{"rendered":"<p>[vc_row min_height=&#8221;350&#8243; content_placement=&#8221;middle&#8221; custom_bg_type=&#8221;image&#8221; custom_bg_cover=&#8221;cover&#8221; custom_bg_repeat=&#8221;no-repeat&#8221; custom_bg_position=&#8221;Center bottom&#8221; custom_bg_effect=&#8221;wtbx_parallax_bg&#8221; parallax_intensity=&#8221;2&#8243; nav_skin=&#8221;light&#8221; consent_include=&#8221;include&#8221; equal_height=&#8221;true&#8221; custom_bg_color=&#8221;{&#8220;solid&#8220;:{&#8220;id&#8220;:&#8220;Dark color&#8220;,&#8220;color&#8220;:&#8220;#00384e&#8220;}}&#8221; custom_bg_image=&#8221;10202&#8243; overlay_color=&#8221;{&#8220;solid&#8220;:{&#8220;id&#8220;:&#8220;custom_color&#8220;,&#8220;color&#8220;:&#8220;rgba(0,96,113,0.62)&#8220;}}&#8221;][vc_column css_animation=&#8221;&#8221;][vc_empty_space height=&#8221;70px&#8221;][vc_heading heading_text=&#8221;COR 60 RPT&#8221; page_title=&#8221;yes&#8221; heading_wrapper=&#8221;h1&#8243; alignment=&#8221;align_center&#8221; heading_color=&#8221;{&#8220;solid&#8220;:{&#8220;id&#8220;:&#8220;custom_1334459184315555&#8220;,&#8220;color&#8220;:&#8220;rgba(255,255,255,1)&#8220;}}&#8221; heading_typography=&#8221;{&#8220;variants&#8220;:&#8220;600&#8220;,&#8220;font_size&#8220;:&#8220;50px&#8220;}&#8221; css_animation=&#8221;&#8221;][vc_text_element typography=&#8221;{&#8220;variants&#8220;:&#8220;600&#8220;}&#8221; css_animation=&#8221;&#8221; color=&#8221;{&#8220;id&#8220;:&#8220;custom_1334459184315555&#8220;,&#8220;color&#8220;:&#8220;rgba(255,255,255,1)&#8220;}&#8221;] Janelas e portas batentes [\/vc_text_element][\/vc_column][\/vc_row][vc_row row_alignment=&#8221;top&#8221; nav_skin=&#8221;light&#8221; consent_include=&#8221;include&#8221; el_design=&#8221;{&#8220;desktop&#8220;:{&#8220;padding-top&#8220;:&#8220;100&#8220;,&#8220;padding-bottom&#8220;:&#8220;60&#8220;}}&#8221; custom_bg_color=&#8221;{&#8220;solid&#8220;:{&#8220;id&#8220;:&#8220;Border color&#8220;,&#8220;color&#8220;:&#8220;#ebebf5&#8220;}}&#8221;][vc_column width=&#8221;1\/2&#8243; css_animation=&#8221;&#8221;][vc_image_carousel images=&#8221;10153,10155,10157,10159&#8243; img_link=&#8221;gallery_popup&#8221; style=&#8221;simple&#8221; freescroll=&#8221;1&#8243; radius=&#8221;8&#8243; shadow=&#8221;&#8221; navigation=&#8221;1&#8243; navigation_skin=&#8221;light&#8221; slider_pagination=&#8221;style_2&#8243; pagination_skin=&#8221;light&#8221; slides_to_show=&#8221;1&#8243; slides_to_scroll=&#8221;1&#8243; responsiveness=&#8221;true&#8221; slides_to_show_tablet=&#8221;1&#8243; slides_to_show_mobile=&#8221;1&#8243; autoheight=&#8221;false&#8221; slider_speed=&#8221;20&#8243; autoplay=&#8221;0&#8243; stop_hover=&#8221;true&#8221; preloader=&#8221;&#8221;][\/vc_column][vc_column el_design=&#8221;{&#8220;desktop&#8220;:{&#8220;padding-top&#8220;:&#8220;15&#8220;,&#8220;padding-right&#8220;:&#8220;15&#8220;,&#8220;padding-bottom&#8220;:&#8220;15&#8220;,&#8220;padding-left&#8220;:&#8220;15&#8220;}}&#8221; width=&#8221;1\/2&#8243; css_animation=&#8221;&#8221; custom_bg_color=&#8221;{&#8220;solid&#8220;:{&#8220;id&#8220;:&#8220;&#8220;,&#8220;color&#8220;:&#8220;&#8220;}}&#8221;][vc_empty_space][vc_button_filling title=&#8221;Ficha t\u00e9cnica&#8221; link=&#8221;url:http%3A%2F%2Findicemetria.com%2Fsistems%2FCOR_60_RPT.pdf|title:Ficha%20t%C3%A9cnica|target:%20_blank|&#8221; direction=&#8221;left&#8221; size=&#8221;3&#8243; display=&#8221;display_block&#8221; border=&#8221;4&#8243; [&hellip;]<\/p>\n","protected":false},"author":1,"featured_media":0,"parent":0,"menu_order":0,"comment_status":"closed","ping_status":"closed","template":"","meta":{"footnotes":""},"class_list":["post-10511","page","type-page","status-publish","hentry"],"yoast_head":"<!-- This site is optimized with the Yoast SEO plugin v26.8 - https:\/\/yoast.com\/product\/yoast-seo-wordpress\/ -->\n<title>COR 60 RPT - Indicemetria<\/title>\n<meta name=\"robots\" content=\"index, follow, max-snippet:-1, max-image-preview:large, max-video-preview:-1\" \/>\n<link rel=\"canonical\" href=\"https:\/\/www.indicemetria.com\/pt\/cor-60-rpt\/\" \/>\n<meta property=\"og:locale\" content=\"pt_PT\" \/>\n<meta property=\"og:type\" content=\"article\" \/>\n<meta property=\"og:title\" content=\"COR 60 RPT - Indicemetria\" \/>\n<meta property=\"og:description\" content=\"[vc_row min_height=&#8221;350&#8243; content_placement=&#8221;middle&#8221; custom_bg_type=&#8221;image&#8221; custom_bg_cover=&#8221;cover&#8221; custom_bg_repeat=&#8221;no-repeat&#8221; custom_bg_position=&#8221;Center bottom&#8221; custom_bg_effect=&#8221;wtbx_parallax_bg&#8221; parallax_intensity=&#8221;2&#8243; nav_skin=&#8221;light&#8221; consent_include=&#8221;include&#8221; equal_height=&#8221;true&#8221; custom_bg_color=&#8221;{&#8220;solid&#8220;:{&#8220;id&#8220;:&#8220;Dark color&#8220;,&#8220;color&#8220;:&#8220;#00384e&#8220;}}&#8221; custom_bg_image=&#8221;10202&#8243; overlay_color=&#8221;{&#8220;solid&#8220;:{&#8220;id&#8220;:&#8220;custom_color&#8220;,&#8220;color&#8220;:&#8220;rgba(0,96,113,0.62)&#8220;}}&#8221;][vc_column css_animation=&#8221;&#8221;][vc_empty_space height=&#8221;70px&#8221;][vc_heading heading_text=&#8221;COR 60 RPT&#8221; page_title=&#8221;yes&#8221; heading_wrapper=&#8221;h1&#8243; alignment=&#8221;align_center&#8221; heading_color=&#8221;{&#8220;solid&#8220;:{&#8220;id&#8220;:&#8220;custom_1334459184315555&#8220;,&#8220;color&#8220;:&#8220;rgba(255,255,255,1)&#8220;}}&#8221; heading_typography=&#8221;{&#8220;variants&#8220;:&#8220;600&#8220;,&#8220;font_size&#8220;:&#8220;50px&#8220;}&#8221; css_animation=&#8221;&#8221;][vc_text_element typography=&#8221;{&#8220;variants&#8220;:&#8220;600&#8220;}&#8221; css_animation=&#8221;&#8221; color=&#8221;{&#8220;id&#8220;:&#8220;custom_1334459184315555&#8220;,&#8220;color&#8220;:&#8220;rgba(255,255,255,1)&#8220;}&#8221;] Janelas e portas batentes [\/vc_text_element][\/vc_column][\/vc_row][vc_row row_alignment=&#8221;top&#8221; nav_skin=&#8221;light&#8221; consent_include=&#8221;include&#8221; el_design=&#8221;{&#8220;desktop&#8220;:{&#8220;padding-top&#8220;:&#8220;100&#8220;,&#8220;padding-bottom&#8220;:&#8220;60&#8220;}}&#8221; custom_bg_color=&#8221;{&#8220;solid&#8220;:{&#8220;id&#8220;:&#8220;Border color&#8220;,&#8220;color&#8220;:&#8220;#ebebf5&#8220;}}&#8221;][vc_column width=&#8221;1\/2&#8243; css_animation=&#8221;&#8221;][vc_image_carousel images=&#8221;10153,10155,10157,10159&#8243; img_link=&#8221;gallery_popup&#8221; style=&#8221;simple&#8221; freescroll=&#8221;1&#8243; radius=&#8221;8&#8243; shadow=&#8221;&#8221; navigation=&#8221;1&#8243; navigation_skin=&#8221;light&#8221; slider_pagination=&#8221;style_2&#8243; pagination_skin=&#8221;light&#8221; slides_to_show=&#8221;1&#8243; slides_to_scroll=&#8221;1&#8243; responsiveness=&#8221;true&#8221; slides_to_show_tablet=&#8221;1&#8243; slides_to_show_mobile=&#8221;1&#8243; autoheight=&#8221;false&#8221; slider_speed=&#8221;20&#8243; autoplay=&#8221;0&#8243; stop_hover=&#8221;true&#8221; preloader=&#8221;&#8221;][\/vc_column][vc_column el_design=&#8221;{&#8220;desktop&#8220;:{&#8220;padding-top&#8220;:&#8220;15&#8220;,&#8220;padding-right&#8220;:&#8220;15&#8220;,&#8220;padding-bottom&#8220;:&#8220;15&#8220;,&#8220;padding-left&#8220;:&#8220;15&#8220;}}&#8221; width=&#8221;1\/2&#8243; css_animation=&#8221;&#8221; custom_bg_color=&#8221;{&#8220;solid&#8220;:{&#8220;id&#8220;:&#8220;&#8220;,&#8220;color&#8220;:&#8220;&#8220;}}&#8221;][vc_empty_space][vc_button_filling title=&#8221;Ficha t\u00e9cnica&#8221; link=&#8221;url:http%3A%2F%2Findicemetria.com%2Fsistems%2FCOR_60_RPT.pdf|title:Ficha%20t%C3%A9cnica|target:%20_blank|&#8221; direction=&#8221;left&#8221; size=&#8221;3&#8243; display=&#8221;display_block&#8221; border=&#8221;4&#8243; [&hellip;]\" \/>\n<meta property=\"og:url\" content=\"https:\/\/www.indicemetria.com\/pt\/cor-60-rpt\/\" \/>\n<meta property=\"og:site_name\" content=\"Indicemetria\" \/>\n<meta property=\"article:modified_time\" content=\"2020-02-26T01:13:08+00:00\" \/>\n<meta name=\"twitter:card\" content=\"summary_large_image\" \/>\n<meta name=\"twitter:label1\" content=\"Tempo estimado de leitura\" \/>\n\t<meta name=\"twitter:data1\" content=\"3 minutos\" \/>\n<script type=\"application\/ld+json\" class=\"yoast-schema-graph\">{\"@context\":\"https:\/\/schema.org\",\"@graph\":[{\"@type\":\"WebPage\",\"@id\":\"https:\/\/www.indicemetria.com\/pt\/cor-60-rpt\/\",\"url\":\"https:\/\/www.indicemetria.com\/pt\/cor-60-rpt\/\",\"name\":\"COR 60 RPT - Indicemetria\",\"isPartOf\":{\"@id\":\"https:\/\/www.indicemetria.com\/pt\/#website\"},\"datePublished\":\"2020-02-25T18:35:11+00:00\",\"dateModified\":\"2020-02-26T01:13:08+00:00\",\"breadcrumb\":{\"@id\":\"https:\/\/www.indicemetria.com\/pt\/cor-60-rpt\/#breadcrumb\"},\"inLanguage\":\"pt-PT\",\"potentialAction\":[{\"@type\":\"ReadAction\",\"target\":[\"https:\/\/www.indicemetria.com\/pt\/cor-60-rpt\/\"]}]},{\"@type\":\"BreadcrumbList\",\"@id\":\"https:\/\/www.indicemetria.com\/pt\/cor-60-rpt\/#breadcrumb\",\"itemListElement\":[{\"@type\":\"ListItem\",\"position\":1,\"name\":\"In\u00edcio\",\"item\":\"https:\/\/www.indicemetria.com\/pt\/\"},{\"@type\":\"ListItem\",\"position\":2,\"name\":\"COR 60 RPT\"}]},{\"@type\":\"WebSite\",\"@id\":\"https:\/\/www.indicemetria.com\/pt\/#website\",\"url\":\"https:\/\/www.indicemetria.com\/pt\/\",\"name\":\"Indicemetria\",\"description\":\"Menuiseries Aluminium\",\"potentialAction\":[{\"@type\":\"SearchAction\",\"target\":{\"@type\":\"EntryPoint\",\"urlTemplate\":\"https:\/\/www.indicemetria.com\/pt\/?s={search_term_string}\"},\"query-input\":{\"@type\":\"PropertyValueSpecification\",\"valueRequired\":true,\"valueName\":\"search_term_string\"}}],\"inLanguage\":\"pt-PT\"}]}<\/script>\n<!-- \/ Yoast SEO plugin. -->","yoast_head_json":{"title":"COR 60 RPT - Indicemetria","robots":{"index":"index","follow":"follow","max-snippet":"max-snippet:-1","max-image-preview":"max-image-preview:large","max-video-preview":"max-video-preview:-1"},"canonical":"https:\/\/www.indicemetria.com\/pt\/cor-60-rpt\/","og_locale":"pt_PT","og_type":"article","og_title":"COR 60 RPT - Indicemetria","og_description":"[vc_row min_height=&#8221;350&#8243; content_placement=&#8221;middle&#8221; custom_bg_type=&#8221;image&#8221; custom_bg_cover=&#8221;cover&#8221; custom_bg_repeat=&#8221;no-repeat&#8221; custom_bg_position=&#8221;Center bottom&#8221; custom_bg_effect=&#8221;wtbx_parallax_bg&#8221; parallax_intensity=&#8221;2&#8243; nav_skin=&#8221;light&#8221; consent_include=&#8221;include&#8221; equal_height=&#8221;true&#8221; custom_bg_color=&#8221;{&#8220;solid&#8220;:{&#8220;id&#8220;:&#8220;Dark color&#8220;,&#8220;color&#8220;:&#8220;#00384e&#8220;}}&#8221; custom_bg_image=&#8221;10202&#8243; overlay_color=&#8221;{&#8220;solid&#8220;:{&#8220;id&#8220;:&#8220;custom_color&#8220;,&#8220;color&#8220;:&#8220;rgba(0,96,113,0.62)&#8220;}}&#8221;][vc_column css_animation=&#8221;&#8221;][vc_empty_space height=&#8221;70px&#8221;][vc_heading heading_text=&#8221;COR 60 RPT&#8221; page_title=&#8221;yes&#8221; heading_wrapper=&#8221;h1&#8243; alignment=&#8221;align_center&#8221; heading_color=&#8221;{&#8220;solid&#8220;:{&#8220;id&#8220;:&#8220;custom_1334459184315555&#8220;,&#8220;color&#8220;:&#8220;rgba(255,255,255,1)&#8220;}}&#8221; heading_typography=&#8221;{&#8220;variants&#8220;:&#8220;600&#8220;,&#8220;font_size&#8220;:&#8220;50px&#8220;}&#8221; css_animation=&#8221;&#8221;][vc_text_element typography=&#8221;{&#8220;variants&#8220;:&#8220;600&#8220;}&#8221; css_animation=&#8221;&#8221; color=&#8221;{&#8220;id&#8220;:&#8220;custom_1334459184315555&#8220;,&#8220;color&#8220;:&#8220;rgba(255,255,255,1)&#8220;}&#8221;] Janelas e portas batentes [\/vc_text_element][\/vc_column][\/vc_row][vc_row row_alignment=&#8221;top&#8221; nav_skin=&#8221;light&#8221; consent_include=&#8221;include&#8221; el_design=&#8221;{&#8220;desktop&#8220;:{&#8220;padding-top&#8220;:&#8220;100&#8220;,&#8220;padding-bottom&#8220;:&#8220;60&#8220;}}&#8221; custom_bg_color=&#8221;{&#8220;solid&#8220;:{&#8220;id&#8220;:&#8220;Border color&#8220;,&#8220;color&#8220;:&#8220;#ebebf5&#8220;}}&#8221;][vc_column width=&#8221;1\/2&#8243; css_animation=&#8221;&#8221;][vc_image_carousel images=&#8221;10153,10155,10157,10159&#8243; img_link=&#8221;gallery_popup&#8221; style=&#8221;simple&#8221; freescroll=&#8221;1&#8243; radius=&#8221;8&#8243; shadow=&#8221;&#8221; navigation=&#8221;1&#8243; navigation_skin=&#8221;light&#8221; slider_pagination=&#8221;style_2&#8243; pagination_skin=&#8221;light&#8221; slides_to_show=&#8221;1&#8243; slides_to_scroll=&#8221;1&#8243; responsiveness=&#8221;true&#8221; slides_to_show_tablet=&#8221;1&#8243; slides_to_show_mobile=&#8221;1&#8243; autoheight=&#8221;false&#8221; slider_speed=&#8221;20&#8243; autoplay=&#8221;0&#8243; stop_hover=&#8221;true&#8221; preloader=&#8221;&#8221;][\/vc_column][vc_column el_design=&#8221;{&#8220;desktop&#8220;:{&#8220;padding-top&#8220;:&#8220;15&#8220;,&#8220;padding-right&#8220;:&#8220;15&#8220;,&#8220;padding-bottom&#8220;:&#8220;15&#8220;,&#8220;padding-left&#8220;:&#8220;15&#8220;}}&#8221; width=&#8221;1\/2&#8243; css_animation=&#8221;&#8221; custom_bg_color=&#8221;{&#8220;solid&#8220;:{&#8220;id&#8220;:&#8220;&#8220;,&#8220;color&#8220;:&#8220;&#8220;}}&#8221;][vc_empty_space][vc_button_filling title=&#8221;Ficha t\u00e9cnica&#8221; link=&#8221;url:http%3A%2F%2Findicemetria.com%2Fsistems%2FCOR_60_RPT.pdf|title:Ficha%20t%C3%A9cnica|target:%20_blank|&#8221; direction=&#8221;left&#8221; size=&#8221;3&#8243; display=&#8221;display_block&#8221; border=&#8221;4&#8243; [&hellip;]","og_url":"https:\/\/www.indicemetria.com\/pt\/cor-60-rpt\/","og_site_name":"Indicemetria","article_modified_time":"2020-02-26T01:13:08+00:00","twitter_card":"summary_large_image","twitter_misc":{"Tempo estimado de leitura":"3 minutos"},"schema":{"@context":"https:\/\/schema.org","@graph":[{"@type":"WebPage","@id":"https:\/\/www.indicemetria.com\/pt\/cor-60-rpt\/","url":"https:\/\/www.indicemetria.com\/pt\/cor-60-rpt\/","name":"COR 60 RPT - Indicemetria","isPartOf":{"@id":"https:\/\/www.indicemetria.com\/pt\/#website"},"datePublished":"2020-02-25T18:35:11+00:00","dateModified":"2020-02-26T01:13:08+00:00","breadcrumb":{"@id":"https:\/\/www.indicemetria.com\/pt\/cor-60-rpt\/#breadcrumb"},"inLanguage":"pt-PT","potentialAction":[{"@type":"ReadAction","target":["https:\/\/www.indicemetria.com\/pt\/cor-60-rpt\/"]}]},{"@type":"BreadcrumbList","@id":"https:\/\/www.indicemetria.com\/pt\/cor-60-rpt\/#breadcrumb","itemListElement":[{"@type":"ListItem","position":1,"name":"In\u00edcio","item":"https:\/\/www.indicemetria.com\/pt\/"},{"@type":"ListItem","position":2,"name":"COR 60 RPT"}]},{"@type":"WebSite","@id":"https:\/\/www.indicemetria.com\/pt\/#website","url":"https:\/\/www.indicemetria.com\/pt\/","name":"Indicemetria","description":"Menuiseries Aluminium","potentialAction":[{"@type":"SearchAction","target":{"@type":"EntryPoint","urlTemplate":"https:\/\/www.indicemetria.com\/pt\/?s={search_term_string}"},"query-input":{"@type":"PropertyValueSpecification","valueRequired":true,"valueName":"search_term_string"}}],"inLanguage":"pt-PT"}]}},"_links":{"self":[{"href":"https:\/\/www.indicemetria.com\/pt\/wp-json\/wp\/v2\/pages\/10511","targetHints":{"allow":["GET"]}}],"collection":[{"href":"https:\/\/www.indicemetria.com\/pt\/wp-json\/wp\/v2\/pages"}],"about":[{"href":"https:\/\/www.indicemetria.com\/pt\/wp-json\/wp\/v2\/types\/page"}],"author":[{"embeddable":true,"href":"https:\/\/www.indicemetria.com\/pt\/wp-json\/wp\/v2\/users\/1"}],"replies":[{"embeddable":true,"href":"https:\/\/www.indicemetria.com\/pt\/wp-json\/wp\/v2\/comments?post=10511"}],"version-history":[{"count":3,"href":"https:\/\/www.indicemetria.com\/pt\/wp-json\/wp\/v2\/pages\/10511\/revisions"}],"predecessor-version":[{"id":10674,"href":"https:\/\/www.indicemetria.com\/pt\/wp-json\/wp\/v2\/pages\/10511\/revisions\/10674"}],"wp:attachment":[{"href":"https:\/\/www.indicemetria.com\/pt\/wp-json\/wp\/v2\/media?parent=10511"}],"curies":[{"name":"wp","href":"https:\/\/api.w.org\/{rel}","templated":true}]}}